{"id":75,"date":"2025-07-16T15:08:13","date_gmt":"2025-07-16T15:08:13","guid":{"rendered":"http:\/\/ssrstm.fr\/index.php\/our-mission\/"},"modified":"2025-09-05T14:52:01","modified_gmt":"2025-09-05T12:52:01","slug":"mentions","status":"publish","type":"page","link":"https:\/\/ssrstm.fr\/index.php\/mentions\/","title":{"rendered":"Mentions l\u00e9gales"},"content":{"rendered":"<style>.kb-row-layout-id75_e31ddf-46 > .kt-row-column-wrap{align-content:start;}:where(.kb-row-layout-id75_e31ddf-46 > .kt-row-column-wrap) > .wp-block-kadence-column{justify-content:start;}.kb-row-layout-id75_e31ddf-46 > .kt-row-column-wrap{column-gap:var(--global-kb-gap-md, 2rem);row-gap:var(--global-kb-gap-md, 2rem);max-width:960px;margin-left:auto;margin-right:auto;padding-top:var(--global-kb-spacing-xl, 4rem);padding-bottom:var(--global-kb-spacing-xl, 4rem);grid-template-columns:minmax(0, 1fr);}.kb-row-layout-id75_e31ddf-46{background-color:var(--global-palette9, #ffffff);}.kb-row-layout-id75_e31ddf-46 > .kt-row-layout-overlay{opacity:0.30;}@media all and (max-width: 1024px){.kb-row-layout-id75_e31ddf-46 > .kt-row-column-wrap{grid-template-columns:minmax(0, 1fr);}}@media all and (max-width: 767px){.kb-row-layout-id75_e31ddf-46 > .kt-row-column-wrap{grid-template-columns:minmax(0, 1fr);}}<\/style><div class=\"kb-row-layout-wrap kb-row-layout-id75_e31ddf-46 alignfull has-theme-palette9-background-color kt-row-has-bg wp-block-kadence-rowlayout\"><div class=\"kt-row-column-wrap kt-has-1-columns kt-row-layout-equal kt-tab-layout-inherit kt-mobile-layout-row kt-row-valign-top\">\n<style>.kadence-column75_6b4ea7-64 > .kt-inside-inner-col,.kadence-column75_6b4ea7-64 > .kt-inside-inner-col:before{border-top-left-radius:0px;border-top-right-radius:0px;border-bottom-right-radius:0px;border-bottom-left-radius:0px;}.kadence-column75_6b4ea7-64 > .kt-inside-inner-col{column-gap:var(--global-kb-gap-sm, 1rem);}.kadence-column75_6b4ea7-64 > .kt-inside-inner-col{flex-direction:column;}.kadence-column75_6b4ea7-64 > .kt-inside-inner-col > .aligncenter{width:100%;}.kadence-column75_6b4ea7-64 > .kt-inside-inner-col:before{opacity:0.3;}.kadence-column75_6b4ea7-64{position:relative;}@media all and (max-width: 1024px){.kadence-column75_6b4ea7-64 > .kt-inside-inner-col{flex-direction:column;justify-content:center;}}@media all and (max-width: 767px){.kadence-column75_6b4ea7-64 > .kt-inside-inner-col{flex-direction:column;justify-content:center;}}<\/style>\n<div class=\"wp-block-kadence-column kadence-column75_6b4ea7-64\"><div class=\"kt-inside-inner-col\"><style>.wp-block-kadence-advancedheading.kt-adv-heading75_4ac61e-f2, .wp-block-kadence-advancedheading.kt-adv-heading75_4ac61e-f2[data-kb-block=\"kb-adv-heading75_4ac61e-f2\"]{font-size:var(--global-kb-font-size-lg, 2rem);font-weight:400;font-style:normal;font-family:'Roboto Condensed';color:#2e1f56;}.wp-block-kadence-advancedheading.kt-adv-heading75_4ac61e-f2[data-kb-block=\"kb-adv-heading75_4ac61e-f2\"]{display:flex;gap:0.25em;align-items:center;}.wp-block-kadence-advancedheading.kt-adv-heading75_4ac61e-f2[data-kb-block=\"kb-adv-heading75_4ac61e-f2\"] .kb-adv-heading-icon svg{width:1em;height:1em;}.wp-block-kadence-advancedheading.kt-adv-heading75_4ac61e-f2 mark.kt-highlight, .wp-block-kadence-advancedheading.kt-adv-heading75_4ac61e-f2[data-kb-block=\"kb-adv-heading75_4ac61e-f2\"] mark.kt-highlight{font-style:normal;color:#f76a0c;-webkit-box-decoration-break:clone;box-decoration-break:clone;padding-top:0px;padding-right:0px;padding-bottom:0px;padding-left:0px;}.wp-block-kadence-advancedheading.kt-adv-heading75_4ac61e-f2 img.kb-inline-image, .wp-block-kadence-advancedheading.kt-adv-heading75_4ac61e-f2[data-kb-block=\"kb-adv-heading75_4ac61e-f2\"] img.kb-inline-image{width:150px;vertical-align:baseline;}<\/style><h2 class=\"kt-adv-heading75_4ac61e-f2 wp-block-kadence-advancedheading kt-adv-heading-has-icon\" data-kb-block=\"kb-adv-heading75_4ac61e-f2\"><span class=\"kb-svg-icon-wrap kb-adv-heading-icon kb-svg-icon-ic_record kb-adv-heading-icon-side-left\"><svg viewBox=\"0 0 8 8\"  fill=\"currentColor\" xmlns=\"http:\/\/www.w3.org\/2000\/svg\"  aria-hidden=\"true\"><path d=\"M3 0c-1.66 0-3 1.34-3 3s1.34 3 3 3 3-1.34 3-3-1.34-3-3-3z\" transform=\"translate(1 1)\"\/><\/svg><\/span><span class=\"kb-adv-text-inner\"><strong>\u00c9diteur du site<\/strong><\/span><\/h2>\n\n<style>.wp-block-kadence-advancedheading.kt-adv-heading75_82d9dc-47, .wp-block-kadence-advancedheading.kt-adv-heading75_82d9dc-47[data-kb-block=\"kb-adv-heading75_82d9dc-47\"]{font-weight:400;font-style:normal;font-family:'Roboto Condensed';color:#2e1f56;}.wp-block-kadence-advancedheading.kt-adv-heading75_82d9dc-47 mark.kt-highlight, .wp-block-kadence-advancedheading.kt-adv-heading75_82d9dc-47[data-kb-block=\"kb-adv-heading75_82d9dc-47\"] mark.kt-highlight{font-style:normal;color:#f76a0c;-webkit-box-decoration-break:clone;box-decoration-break:clone;padding-top:0px;padding-right:0px;padding-bottom:0px;padding-left:0px;}.wp-block-kadence-advancedheading.kt-adv-heading75_82d9dc-47 img.kb-inline-image, .wp-block-kadence-advancedheading.kt-adv-heading75_82d9dc-47[data-kb-block=\"kb-adv-heading75_82d9dc-47\"] img.kb-inline-image{width:150px;vertical-align:baseline;}.wp-block-kadence-advancedheading.kt-adv-heading75_82d9dc-47[data-kb-block=\"kb-adv-heading75_82d9dc-47\"] a, .kt-adv-heading-link75_82d9dc-47, .kt-adv-heading-link75_82d9dc-47 .kt-adv-heading75_82d9dc-47[data-kb-block=\"kb-adv-heading75_82d9dc-47\"]{color:#cc990e;}.wp-block-kadence-advancedheading.kt-adv-heading75_82d9dc-47[data-kb-block=\"kb-adv-heading75_82d9dc-47\"] a:hover, .kt-adv-heading-link75_82d9dc-47:hover, .kt-adv-heading-link75_82d9dc-47:hover .kt-adv-heading75_82d9dc-47[data-kb-block=\"kb-adv-heading75_82d9dc-47\"]{color:#2e1f56;}<\/style>\n<p class=\"kt-adv-heading75_82d9dc-47 wp-block-kadence-advancedheading\" data-kb-block=\"kb-adv-heading75_82d9dc-47\"><br>Le site internet <a href=\"https:\/\/ssrstm.fr\" target=\"_blank\" rel=\"noreferrer noopener\">ssrstm.fr<\/a> est \u00e9dit\u00e9 par :<br><strong>STM-SSR SAS<\/strong><br>Repr\u00e9sent\u00e9e par M. St\u00e9phane Gabarre<br>Adresse : 25 boulevard du Mar\u00e9chal Joffre, 92340 Bourg-la-Reine<br>Immatricul\u00e9e au RCS de Nanterre sous le num\u00e9ro 939 310 777<br>Email : s.gabarre[at]ssrstm.fr<br>T\u00e9l\u00e9phone : +33 6 61 46 60 93<\/p>\n\n\n<style>.wp-block-kadence-advancedheading.kt-adv-heading75_2d0f3b-24, .wp-block-kadence-advancedheading.kt-adv-heading75_2d0f3b-24[data-kb-block=\"kb-adv-heading75_2d0f3b-24\"]{font-size:var(--global-kb-font-size-lg, 2rem);font-weight:400;font-style:normal;font-family:'Roboto Condensed';color:#2e1f56;}.wp-block-kadence-advancedheading.kt-adv-heading75_2d0f3b-24[data-kb-block=\"kb-adv-heading75_2d0f3b-24\"]{display:flex;gap:0.25em;align-items:center;}.wp-block-kadence-advancedheading.kt-adv-heading75_2d0f3b-24[data-kb-block=\"kb-adv-heading75_2d0f3b-24\"] .kb-adv-heading-icon svg{width:1em;height:1em;}.wp-block-kadence-advancedheading.kt-adv-heading75_2d0f3b-24 mark.kt-highlight, .wp-block-kadence-advancedheading.kt-adv-heading75_2d0f3b-24[data-kb-block=\"kb-adv-heading75_2d0f3b-24\"] mark.kt-highlight{font-style:normal;color:#f76a0c;-webkit-box-decoration-break:clone;box-decoration-break:clone;padding-top:0px;padding-right:0px;padding-bottom:0px;padding-left:0px;}.wp-block-kadence-advancedheading.kt-adv-heading75_2d0f3b-24 img.kb-inline-image, .wp-block-kadence-advancedheading.kt-adv-heading75_2d0f3b-24[data-kb-block=\"kb-adv-heading75_2d0f3b-24\"] img.kb-inline-image{width:150px;vertical-align:baseline;}<\/style><h2 class=\"kt-adv-heading75_2d0f3b-24 wp-block-kadence-advancedheading kt-adv-heading-has-icon\" data-kb-block=\"kb-adv-heading75_2d0f3b-24\"><span class=\"kb-svg-icon-wrap kb-adv-heading-icon kb-svg-icon-ic_record kb-adv-heading-icon-side-left\"><svg viewBox=\"0 0 8 8\"  fill=\"currentColor\" xmlns=\"http:\/\/www.w3.org\/2000\/svg\"  aria-hidden=\"true\"><path d=\"M3 0c-1.66 0-3 1.34-3 3s1.34 3 3 3 3-1.34 3-3-1.34-3-3-3z\" transform=\"translate(1 1)\"\/><\/svg><\/span><span class=\"kb-adv-text-inner\"><strong>H\u00e9bergeur<\/strong><\/span><\/h2>\n\n<style>.wp-block-kadence-advancedheading.kt-adv-heading75_fb179a-11, .wp-block-kadence-advancedheading.kt-adv-heading75_fb179a-11[data-kb-block=\"kb-adv-heading75_fb179a-11\"]{font-weight:400;font-style:normal;font-family:'Roboto Condensed';color:#2e1f56;}.wp-block-kadence-advancedheading.kt-adv-heading75_fb179a-11 mark.kt-highlight, .wp-block-kadence-advancedheading.kt-adv-heading75_fb179a-11[data-kb-block=\"kb-adv-heading75_fb179a-11\"] mark.kt-highlight{font-style:normal;color:#f76a0c;-webkit-box-decoration-break:clone;box-decoration-break:clone;padding-top:0px;padding-right:0px;padding-bottom:0px;padding-left:0px;}.wp-block-kadence-advancedheading.kt-adv-heading75_fb179a-11 img.kb-inline-image, .wp-block-kadence-advancedheading.kt-adv-heading75_fb179a-11[data-kb-block=\"kb-adv-heading75_fb179a-11\"] img.kb-inline-image{width:150px;vertical-align:baseline;}.wp-block-kadence-advancedheading.kt-adv-heading75_fb179a-11[data-kb-block=\"kb-adv-heading75_fb179a-11\"] a, .kt-adv-heading-link75_fb179a-11, .kt-adv-heading-link75_fb179a-11 .kt-adv-heading75_fb179a-11[data-kb-block=\"kb-adv-heading75_fb179a-11\"]{color:#cc990e;}.wp-block-kadence-advancedheading.kt-adv-heading75_fb179a-11[data-kb-block=\"kb-adv-heading75_fb179a-11\"] a:hover, .kt-adv-heading-link75_fb179a-11:hover, .kt-adv-heading-link75_fb179a-11:hover .kt-adv-heading75_fb179a-11[data-kb-block=\"kb-adv-heading75_fb179a-11\"]{color:#2e1f56;}<\/style>\n<p class=\"kt-adv-heading75_fb179a-11 wp-block-kadence-advancedheading\" data-kb-block=\"kb-adv-heading75_fb179a-11\"><br>Le site est h\u00e9berg\u00e9 par :<br><strong>OVH SAS<\/strong><br>Soci\u00e9t\u00e9 immatricul\u00e9e au RCS de Lille sous le num\u00e9ro 537 407 926<br>Adresse : 2, rue Kellermann, 59100 Roubaix, France<\/p>\n\n\n<style>.wp-block-kadence-advancedheading.kt-adv-heading75_7467f1-17, .wp-block-kadence-advancedheading.kt-adv-heading75_7467f1-17[data-kb-block=\"kb-adv-heading75_7467f1-17\"]{font-size:var(--global-kb-font-size-lg, 2rem);font-weight:400;font-style:normal;font-family:'Roboto Condensed';color:#2e1f56;}.wp-block-kadence-advancedheading.kt-adv-heading75_7467f1-17[data-kb-block=\"kb-adv-heading75_7467f1-17\"]{display:flex;gap:0.25em;align-items:center;}.wp-block-kadence-advancedheading.kt-adv-heading75_7467f1-17[data-kb-block=\"kb-adv-heading75_7467f1-17\"] .kb-adv-heading-icon svg{width:1em;height:1em;}.wp-block-kadence-advancedheading.kt-adv-heading75_7467f1-17 mark.kt-highlight, .wp-block-kadence-advancedheading.kt-adv-heading75_7467f1-17[data-kb-block=\"kb-adv-heading75_7467f1-17\"] mark.kt-highlight{font-style:normal;color:#f76a0c;-webkit-box-decoration-break:clone;box-decoration-break:clone;padding-top:0px;padding-right:0px;padding-bottom:0px;padding-left:0px;}.wp-block-kadence-advancedheading.kt-adv-heading75_7467f1-17 img.kb-inline-image, .wp-block-kadence-advancedheading.kt-adv-heading75_7467f1-17[data-kb-block=\"kb-adv-heading75_7467f1-17\"] img.kb-inline-image{width:150px;vertical-align:baseline;}.wp-block-kadence-advancedheading.kt-adv-heading75_7467f1-17[data-kb-block=\"kb-adv-heading75_7467f1-17\"] a, .kt-adv-heading-link75_7467f1-17, .kt-adv-heading-link75_7467f1-17 .kt-adv-heading75_7467f1-17[data-kb-block=\"kb-adv-heading75_7467f1-17\"]{color:#cc990e;}.wp-block-kadence-advancedheading.kt-adv-heading75_7467f1-17[data-kb-block=\"kb-adv-heading75_7467f1-17\"] a:hover, .kt-adv-heading-link75_7467f1-17:hover, .kt-adv-heading-link75_7467f1-17:hover .kt-adv-heading75_7467f1-17[data-kb-block=\"kb-adv-heading75_7467f1-17\"]{color:#2e1f56;}<\/style><h2 class=\"kt-adv-heading75_7467f1-17 wp-block-kadence-advancedheading kt-adv-heading-has-icon\" data-kb-block=\"kb-adv-heading75_7467f1-17\"><span class=\"kb-svg-icon-wrap kb-adv-heading-icon kb-svg-icon-ic_record kb-adv-heading-icon-side-left\"><svg viewBox=\"0 0 8 8\"  fill=\"currentColor\" xmlns=\"http:\/\/www.w3.org\/2000\/svg\"  aria-hidden=\"true\"><path d=\"M3 0c-1.66 0-3 1.34-3 3s1.34 3 3 3 3-1.34 3-3-1.34-3-3-3z\" transform=\"translate(1 1)\"\/><\/svg><\/span><span class=\"kb-adv-text-inner\"><strong>Propri\u00e9t\u00e9 intellectuelle des contenus<\/strong><\/span><\/h2>\n\n<style>.wp-block-kadence-advancedheading.kt-adv-heading75_57ee53-41, .wp-block-kadence-advancedheading.kt-adv-heading75_57ee53-41[data-kb-block=\"kb-adv-heading75_57ee53-41\"]{font-weight:400;font-style:normal;font-family:'Roboto Condensed';color:#2e1f56;}.wp-block-kadence-advancedheading.kt-adv-heading75_57ee53-41 mark.kt-highlight, .wp-block-kadence-advancedheading.kt-adv-heading75_57ee53-41[data-kb-block=\"kb-adv-heading75_57ee53-41\"] mark.kt-highlight{font-style:normal;color:#f76a0c;-webkit-box-decoration-break:clone;box-decoration-break:clone;padding-top:0px;padding-right:0px;padding-bottom:0px;padding-left:0px;}.wp-block-kadence-advancedheading.kt-adv-heading75_57ee53-41 img.kb-inline-image, .wp-block-kadence-advancedheading.kt-adv-heading75_57ee53-41[data-kb-block=\"kb-adv-heading75_57ee53-41\"] img.kb-inline-image{width:150px;vertical-align:baseline;}.wp-block-kadence-advancedheading.kt-adv-heading75_57ee53-41[data-kb-block=\"kb-adv-heading75_57ee53-41\"] a, .kt-adv-heading-link75_57ee53-41, .kt-adv-heading-link75_57ee53-41 .kt-adv-heading75_57ee53-41[data-kb-block=\"kb-adv-heading75_57ee53-41\"]{color:#cc990e;}.wp-block-kadence-advancedheading.kt-adv-heading75_57ee53-41[data-kb-block=\"kb-adv-heading75_57ee53-41\"] a:hover, .kt-adv-heading-link75_57ee53-41:hover, .kt-adv-heading-link75_57ee53-41:hover .kt-adv-heading75_57ee53-41[data-kb-block=\"kb-adv-heading75_57ee53-41\"]{color:#2e1f56;}<\/style>\n<p class=\"kt-adv-heading75_57ee53-41 wp-block-kadence-advancedheading\" data-kb-block=\"kb-adv-heading75_57ee53-41\">L\u2019ensemble des images, ainsi que la conception graphique du site <a href=\"https:\/\/ssrstm.fr\" target=\"_blank\" rel=\"noreferrer noopener\">ssrstm.fr<\/a> sont la propri\u00e9t\u00e9 exclusive de Lou Dor\u00e9mus, artiste graphique inscrite \u00e0 la Maison des Artistes sous le num\u00e9ro 34576. Toute reproduction, repr\u00e9sentation, adaptation ou utilisation, totale ou partielle, de ces contenus sans l\u2019autorisation pr\u00e9alable \u00e9crite de Lou Dor\u00e9mus est strictement interdite et constitue une violation des droits de propri\u00e9t\u00e9 intellectuelle pouvant engager des poursuites judiciaires.<\/p>\n\n\n<style>.wp-block-kadence-advancedheading.kt-adv-heading75_11219a-75, .wp-block-kadence-advancedheading.kt-adv-heading75_11219a-75[data-kb-block=\"kb-adv-heading75_11219a-75\"]{font-size:var(--global-kb-font-size-lg, 2rem);font-weight:400;font-style:normal;font-family:'Roboto Condensed';color:#2e1f56;}.wp-block-kadence-advancedheading.kt-adv-heading75_11219a-75[data-kb-block=\"kb-adv-heading75_11219a-75\"]{display:flex;gap:0.25em;align-items:center;}.wp-block-kadence-advancedheading.kt-adv-heading75_11219a-75[data-kb-block=\"kb-adv-heading75_11219a-75\"] .kb-adv-heading-icon svg{width:1em;height:1em;}.wp-block-kadence-advancedheading.kt-adv-heading75_11219a-75 mark.kt-highlight, .wp-block-kadence-advancedheading.kt-adv-heading75_11219a-75[data-kb-block=\"kb-adv-heading75_11219a-75\"] mark.kt-highlight{font-style:normal;color:#f76a0c;-webkit-box-decoration-break:clone;box-decoration-break:clone;padding-top:0px;padding-right:0px;padding-bottom:0px;padding-left:0px;}.wp-block-kadence-advancedheading.kt-adv-heading75_11219a-75 img.kb-inline-image, .wp-block-kadence-advancedheading.kt-adv-heading75_11219a-75[data-kb-block=\"kb-adv-heading75_11219a-75\"] img.kb-inline-image{width:150px;vertical-align:baseline;}.wp-block-kadence-advancedheading.kt-adv-heading75_11219a-75[data-kb-block=\"kb-adv-heading75_11219a-75\"] a, .kt-adv-heading-link75_11219a-75, .kt-adv-heading-link75_11219a-75 .kt-adv-heading75_11219a-75[data-kb-block=\"kb-adv-heading75_11219a-75\"]{color:#cc990e;}.wp-block-kadence-advancedheading.kt-adv-heading75_11219a-75[data-kb-block=\"kb-adv-heading75_11219a-75\"] a:hover, .kt-adv-heading-link75_11219a-75:hover, .kt-adv-heading-link75_11219a-75:hover .kt-adv-heading75_11219a-75[data-kb-block=\"kb-adv-heading75_11219a-75\"]{color:#2e1f56;}<\/style><h2 class=\"kt-adv-heading75_11219a-75 wp-block-kadence-advancedheading kt-adv-heading-has-icon\" data-kb-block=\"kb-adv-heading75_11219a-75\"><span class=\"kb-svg-icon-wrap kb-adv-heading-icon kb-svg-icon-ic_record kb-adv-heading-icon-side-left\"><svg viewBox=\"0 0 8 8\"  fill=\"currentColor\" xmlns=\"http:\/\/www.w3.org\/2000\/svg\"  aria-hidden=\"true\"><path d=\"M3 0c-1.66 0-3 1.34-3 3s1.34 3 3 3 3-1.34 3-3-1.34-3-3-3z\" transform=\"translate(1 1)\"\/><\/svg><\/span><span class=\"kb-adv-text-inner\"><strong>Collecte et traitement des donn\u00e9es personnelles<\/strong><\/span><\/h2>\n\n<style>.wp-block-kadence-advancedheading.kt-adv-heading75_cfde5b-07, .wp-block-kadence-advancedheading.kt-adv-heading75_cfde5b-07[data-kb-block=\"kb-adv-heading75_cfde5b-07\"]{font-weight:400;font-style:normal;font-family:'Roboto Condensed';color:#2e1f56;}.wp-block-kadence-advancedheading.kt-adv-heading75_cfde5b-07 mark.kt-highlight, .wp-block-kadence-advancedheading.kt-adv-heading75_cfde5b-07[data-kb-block=\"kb-adv-heading75_cfde5b-07\"] mark.kt-highlight{font-style:normal;color:#f76a0c;-webkit-box-decoration-break:clone;box-decoration-break:clone;padding-top:0px;padding-right:0px;padding-bottom:0px;padding-left:0px;}.wp-block-kadence-advancedheading.kt-adv-heading75_cfde5b-07 img.kb-inline-image, .wp-block-kadence-advancedheading.kt-adv-heading75_cfde5b-07[data-kb-block=\"kb-adv-heading75_cfde5b-07\"] img.kb-inline-image{width:150px;vertical-align:baseline;}.wp-block-kadence-advancedheading.kt-adv-heading75_cfde5b-07[data-kb-block=\"kb-adv-heading75_cfde5b-07\"] a, .kt-adv-heading-link75_cfde5b-07, .kt-adv-heading-link75_cfde5b-07 .kt-adv-heading75_cfde5b-07[data-kb-block=\"kb-adv-heading75_cfde5b-07\"]{color:#cc990e;}.wp-block-kadence-advancedheading.kt-adv-heading75_cfde5b-07[data-kb-block=\"kb-adv-heading75_cfde5b-07\"] a:hover, .kt-adv-heading-link75_cfde5b-07:hover, .kt-adv-heading-link75_cfde5b-07:hover .kt-adv-heading75_cfde5b-07[data-kb-block=\"kb-adv-heading75_cfde5b-07\"]{color:#2e1f56;}<\/style>\n<p class=\"kt-adv-heading75_cfde5b-07 wp-block-kadence-advancedheading\" data-kb-block=\"kb-adv-heading75_cfde5b-07\">Les donn\u00e9es recueillies via le formulaire de contact sont destin\u00e9es \u00e0 r\u00e9pondre \u00e0 votre demande (demande de devis, informations compl\u00e9mentaires). Conform\u00e9ment au RGPD, vous disposez d\u2019un droit d\u2019acc\u00e8s, de rectification, de suppression et d\u2019opposition concernant vos donn\u00e9es personnelles, que vous pouvez exercer en contactant : s.gabarre[at]ssrstm.fr<\/p>\n<\/div><\/div>\n\n<\/div><\/div>","protected":false},"excerpt":{"rendered":"<p>\u00c9diteur du site Le site internet ssrstm.fr est \u00e9dit\u00e9 par :STM-SSR SASRepr\u00e9sent\u00e9e par M. St\u00e9phane GabarreAdresse : 25 boulevard du Mar\u00e9chal Joffre, 92340 Bourg-la-ReineImmatricul\u00e9e au RCS de Nanterre sous le num\u00e9ro 939 310 777Email : s.gabarre[at]ssrstm.frT\u00e9l\u00e9phone : +33 6 61 46 60 93 H\u00e9bergeur Le site est h\u00e9berg\u00e9 par :OVH SASSoci\u00e9t\u00e9 immatricul\u00e9e au RCS de &hellip; <\/p>\n<p class=\"link-more\"><a href=\"https:\/\/ssrstm.fr\/index.php\/mentions\/\" class=\"more-link\">Lire la suite de<span class=\"screen-reader-text\">\u00ab\u00a0Mentions l\u00e9gales\u00a0\u00bb<\/span><\/a><\/p>\n","protected":false},"author":1,"featured_media":0,"parent":0,"menu_order":0,"comment_status":"closed","ping_status":"closed","template":"","meta":{"_kadence_starter_templates_imported_post":true,"footnotes":""},"class_list":["post-75","page","type-page","status-publish","hentry"],"yoast_head":"<!-- This site is optimized with the Yoast SEO plugin v27.3 - https:\/\/yoast.com\/product\/yoast-seo-wordpress\/ -->\n<title>Mentions l\u00e9gales - Smart Support Recharge<\/title>\n<meta name=\"description\" content=\"Retrouvez ici les mentions l\u00e9gales du site internet ssrstm.fr \u00e9dit\u00e9 par: STM-SSR SAS Repr\u00e9sent\u00e9e par M. St\u00e9phane Gabarre\" \/>\n<meta name=\"robots\" content=\"index, follow, max-snippet:-1, max-image-preview:large, max-video-preview:-1\" \/>\n<link rel=\"canonical\" href=\"https:\/\/ssrstm.fr\/index.php\/mentions\/\" \/>\n<meta property=\"og:locale\" content=\"fr_FR\" \/>\n<meta property=\"og:type\" content=\"article\" \/>\n<meta property=\"og:title\" content=\"Mentions l\u00e9gales - Smart Support Recharge\" \/>\n<meta property=\"og:description\" content=\"Retrouvez ici les mentions l\u00e9gales du site internet ssrstm.fr \u00e9dit\u00e9 par: STM-SSR SAS Repr\u00e9sent\u00e9e par M. St\u00e9phane Gabarre\" \/>\n<meta property=\"og:url\" content=\"https:\/\/ssrstm.fr\/index.php\/mentions\/\" \/>\n<meta property=\"og:site_name\" content=\"Smart Support Recharge\" \/>\n<meta property=\"article:modified_time\" content=\"2025-09-05T12:52:01+00:00\" \/>\n<meta name=\"twitter:card\" content=\"summary_large_image\" \/>\n<meta name=\"twitter:label1\" content=\"Dur\u00e9e de lecture estim\u00e9e\" \/>\n\t<meta name=\"twitter:data1\" content=\"1 minute\" \/>\n<script type=\"application\/ld+json\" class=\"yoast-schema-graph\">{\"@context\":\"https:\\\/\\\/schema.org\",\"@graph\":[{\"@type\":\"WebPage\",\"@id\":\"https:\\\/\\\/ssrstm.fr\\\/index.php\\\/mentions\\\/\",\"url\":\"https:\\\/\\\/ssrstm.fr\\\/index.php\\\/mentions\\\/\",\"name\":\"Mentions l\u00e9gales - Smart Support Recharge\",\"isPartOf\":{\"@id\":\"https:\\\/\\\/ssrstm.fr\\\/#website\"},\"datePublished\":\"2025-07-16T15:08:13+00:00\",\"dateModified\":\"2025-09-05T12:52:01+00:00\",\"description\":\"Retrouvez ici les mentions l\u00e9gales du site internet ssrstm.fr \u00e9dit\u00e9 par: STM-SSR SAS Repr\u00e9sent\u00e9e par M. St\u00e9phane Gabarre\",\"breadcrumb\":{\"@id\":\"https:\\\/\\\/ssrstm.fr\\\/index.php\\\/mentions\\\/#breadcrumb\"},\"inLanguage\":\"fr-FR\",\"potentialAction\":[{\"@type\":\"ReadAction\",\"target\":[\"https:\\\/\\\/ssrstm.fr\\\/index.php\\\/mentions\\\/\"]}]},{\"@type\":\"BreadcrumbList\",\"@id\":\"https:\\\/\\\/ssrstm.fr\\\/index.php\\\/mentions\\\/#breadcrumb\",\"itemListElement\":[{\"@type\":\"ListItem\",\"position\":1,\"name\":\"Accueil\",\"item\":\"https:\\\/\\\/ssrstm.fr\\\/\"},{\"@type\":\"ListItem\",\"position\":2,\"name\":\"Mentions l\u00e9gales\"}]},{\"@type\":\"WebSite\",\"@id\":\"https:\\\/\\\/ssrstm.fr\\\/#website\",\"url\":\"https:\\\/\\\/ssrstm.fr\\\/\",\"name\":\"Smart Support Recharge\",\"description\":\"\",\"publisher\":{\"@id\":\"https:\\\/\\\/ssrstm.fr\\\/#organization\"},\"potentialAction\":[{\"@type\":\"SearchAction\",\"target\":{\"@type\":\"EntryPoint\",\"urlTemplate\":\"https:\\\/\\\/ssrstm.fr\\\/?s={search_term_string}\"},\"query-input\":{\"@type\":\"PropertyValueSpecification\",\"valueRequired\":true,\"valueName\":\"search_term_string\"}}],\"inLanguage\":\"fr-FR\"},{\"@type\":\"Organization\",\"@id\":\"https:\\\/\\\/ssrstm.fr\\\/#organization\",\"name\":\"Smart Support Recharge\",\"url\":\"https:\\\/\\\/ssrstm.fr\\\/\",\"logo\":{\"@type\":\"ImageObject\",\"inLanguage\":\"fr-FR\",\"@id\":\"https:\\\/\\\/ssrstm.fr\\\/#\\\/schema\\\/logo\\\/image\\\/\",\"url\":\"https:\\\/\\\/ssrstm.fr\\\/wp-content\\\/uploads\\\/2025\\\/08\\\/cropped-icone-logoSSR-100x100-1.png\",\"contentUrl\":\"https:\\\/\\\/ssrstm.fr\\\/wp-content\\\/uploads\\\/2025\\\/08\\\/cropped-icone-logoSSR-100x100-1.png\",\"width\":100,\"height\":100,\"caption\":\"Smart Support Recharge\"},\"image\":{\"@id\":\"https:\\\/\\\/ssrstm.fr\\\/#\\\/schema\\\/logo\\\/image\\\/\"}}]}<\/script>\n<!-- \/ Yoast SEO plugin. -->","yoast_head_json":{"title":"Mentions l\u00e9gales - Smart Support Recharge","description":"Retrouvez ici les mentions l\u00e9gales du site internet ssrstm.fr \u00e9dit\u00e9 par: STM-SSR SAS Repr\u00e9sent\u00e9e par M. St\u00e9phane Gabarre","robots":{"index":"index","follow":"follow","max-snippet":"max-snippet:-1","max-image-preview":"max-image-preview:large","max-video-preview":"max-video-preview:-1"},"canonical":"https:\/\/ssrstm.fr\/index.php\/mentions\/","og_locale":"fr_FR","og_type":"article","og_title":"Mentions l\u00e9gales - Smart Support Recharge","og_description":"Retrouvez ici les mentions l\u00e9gales du site internet ssrstm.fr \u00e9dit\u00e9 par: STM-SSR SAS Repr\u00e9sent\u00e9e par M. St\u00e9phane Gabarre","og_url":"https:\/\/ssrstm.fr\/index.php\/mentions\/","og_site_name":"Smart Support Recharge","article_modified_time":"2025-09-05T12:52:01+00:00","twitter_card":"summary_large_image","twitter_misc":{"Dur\u00e9e de lecture estim\u00e9e":"1 minute"},"schema":{"@context":"https:\/\/schema.org","@graph":[{"@type":"WebPage","@id":"https:\/\/ssrstm.fr\/index.php\/mentions\/","url":"https:\/\/ssrstm.fr\/index.php\/mentions\/","name":"Mentions l\u00e9gales - Smart Support Recharge","isPartOf":{"@id":"https:\/\/ssrstm.fr\/#website"},"datePublished":"2025-07-16T15:08:13+00:00","dateModified":"2025-09-05T12:52:01+00:00","description":"Retrouvez ici les mentions l\u00e9gales du site internet ssrstm.fr \u00e9dit\u00e9 par: STM-SSR SAS Repr\u00e9sent\u00e9e par M. St\u00e9phane Gabarre","breadcrumb":{"@id":"https:\/\/ssrstm.fr\/index.php\/mentions\/#breadcrumb"},"inLanguage":"fr-FR","potentialAction":[{"@type":"ReadAction","target":["https:\/\/ssrstm.fr\/index.php\/mentions\/"]}]},{"@type":"BreadcrumbList","@id":"https:\/\/ssrstm.fr\/index.php\/mentions\/#breadcrumb","itemListElement":[{"@type":"ListItem","position":1,"name":"Accueil","item":"https:\/\/ssrstm.fr\/"},{"@type":"ListItem","position":2,"name":"Mentions l\u00e9gales"}]},{"@type":"WebSite","@id":"https:\/\/ssrstm.fr\/#website","url":"https:\/\/ssrstm.fr\/","name":"Smart Support Recharge","description":"","publisher":{"@id":"https:\/\/ssrstm.fr\/#organization"},"potentialAction":[{"@type":"SearchAction","target":{"@type":"EntryPoint","urlTemplate":"https:\/\/ssrstm.fr\/?s={search_term_string}"},"query-input":{"@type":"PropertyValueSpecification","valueRequired":true,"valueName":"search_term_string"}}],"inLanguage":"fr-FR"},{"@type":"Organization","@id":"https:\/\/ssrstm.fr\/#organization","name":"Smart Support Recharge","url":"https:\/\/ssrstm.fr\/","logo":{"@type":"ImageObject","inLanguage":"fr-FR","@id":"https:\/\/ssrstm.fr\/#\/schema\/logo\/image\/","url":"https:\/\/ssrstm.fr\/wp-content\/uploads\/2025\/08\/cropped-icone-logoSSR-100x100-1.png","contentUrl":"https:\/\/ssrstm.fr\/wp-content\/uploads\/2025\/08\/cropped-icone-logoSSR-100x100-1.png","width":100,"height":100,"caption":"Smart Support Recharge"},"image":{"@id":"https:\/\/ssrstm.fr\/#\/schema\/logo\/image\/"}}]}},"_links":{"self":[{"href":"https:\/\/ssrstm.fr\/index.php\/wp-json\/wp\/v2\/pages\/75","targetHints":{"allow":["GET"]}}],"collection":[{"href":"https:\/\/ssrstm.fr\/index.php\/wp-json\/wp\/v2\/pages"}],"about":[{"href":"https:\/\/ssrstm.fr\/index.php\/wp-json\/wp\/v2\/types\/page"}],"author":[{"embeddable":true,"href":"https:\/\/ssrstm.fr\/index.php\/wp-json\/wp\/v2\/users\/1"}],"replies":[{"embeddable":true,"href":"https:\/\/ssrstm.fr\/index.php\/wp-json\/wp\/v2\/comments?post=75"}],"version-history":[{"count":2,"href":"https:\/\/ssrstm.fr\/index.php\/wp-json\/wp\/v2\/pages\/75\/revisions"}],"predecessor-version":[{"id":312,"href":"https:\/\/ssrstm.fr\/index.php\/wp-json\/wp\/v2\/pages\/75\/revisions\/312"}],"wp:attachment":[{"href":"https:\/\/ssrstm.fr\/index.php\/wp-json\/wp\/v2\/media?parent=75"}],"curies":[{"name":"wp","href":"https:\/\/api.w.org\/{rel}","templated":true}]}}